{"id":5236,"date":"2024-11-28T11:23:59","date_gmt":"2024-11-28T10:23:59","guid":{"rendered":"https:\/\/www.rexago.com\/?page_id=5236"},"modified":"2025-01-23T15:07:12","modified_gmt":"2025-01-23T14:07:12","slug":"opt-out","status":"publish","type":"page","link":"https:\/\/www.rexago.com\/de\/datenschutz\/leadbeat\/opt-out\/","title":{"rendered":"Leadbeat Opt-Out"},"content":{"rendered":"\t\t<div data-elementor-type=\"wp-page\" data-elementor-id=\"5236\" class=\"elementor elementor-5236\" data-elementor-post-type=\"page\">\n\t\t\t\t<div class=\"elementor-element elementor-element-646b833 e-flex e-con-boxed e-con e-parent\" data-id=\"646b833\" data-element_type=\"container\" data-e-type=\"container\" data-settings=\"{&quot;background_background&quot;:&quot;gradient&quot;,&quot;shape_divider_bottom&quot;:&quot;mountains&quot;}\">\n\t\t\t\t\t<div class=\"e-con-inner\">\n\t\t\t\t<div class=\"elementor-shape elementor-shape-bottom\" aria-hidden=\"true\" data-negative=\"false\">\n\t\t\t<svg xmlns=\"http:\/\/www.w3.org\/2000\/svg\" viewBox=\"0 0 1000 100\" preserveAspectRatio=\"none\">\n\t<path class=\"elementor-shape-fill\" opacity=\"0.33\" d=\"M473,67.3c-203.9,88.3-263.1-34-320.3,0C66,119.1,0,59.7,0,59.7V0h1000v59.7 c0,0-62.1,26.1-94.9,29.3c-32.8,3.3-62.8-12.3-75.8-22.1C806,49.6,745.3,8.7,694.9,4.7S492.4,59,473,67.3z\"\/>\n\t<path class=\"elementor-shape-fill\" opacity=\"0.66\" d=\"M734,67.3c-45.5,0-77.2-23.2-129.1-39.1c-28.6-8.7-150.3-10.1-254,39.1 s-91.7-34.4-149.2,0C115.7,118.3,0,39.8,0,39.8V0h1000v36.5c0,0-28.2-18.5-92.1-18.5C810.2,18.1,775.7,67.3,734,67.3z\"\/>\n\t<path class=\"elementor-shape-fill\" d=\"M766.1,28.9c-200-57.5-266,65.5-395.1,19.5C242,1.8,242,5.4,184.8,20.6C128,35.8,132.3,44.9,89.9,52.5C28.6,63.7,0,0,0,0 h1000c0,0-9.9,40.9-83.6,48.1S829.6,47,766.1,28.9z\"\/>\n<\/svg>\t\t<\/div>\n\t\t\t\t<div class=\"elementor-element elementor-element-19c7fb0 elementor-widget elementor-widget-heading\" data-id=\"19c7fb0\" data-element_type=\"widget\" data-e-type=\"widget\" data-widget_type=\"heading.default\">\n\t\t\t\t<div class=\"elementor-widget-container\">\n\t\t\t\t\t<h1 class=\"elementor-heading-title elementor-size-default\">Leadbeat Opt-Out<\/h1>\t\t\t\t<\/div>\n\t\t\t\t<\/div>\n\t\t\t\t<div class=\"elementor-element elementor-element-308d4f5 elementor-widget elementor-widget-heading\" data-id=\"308d4f5\" data-element_type=\"widget\" data-e-type=\"widget\" data-widget_type=\"heading.default\">\n\t\t\t\t<div class=\"elementor-widget-container\">\n\t\t\t\t\t<h3 class=\"elementor-heading-title elementor-size-default\">Wir nehmen Datenschutz ernst.<\/h3>\t\t\t\t<\/div>\n\t\t\t\t<\/div>\n\t\t\t\t\t<\/div>\n\t\t\t\t<\/div>\n\t\t<div class=\"elementor-element elementor-element-79c5bea e-flex e-con-boxed e-con e-parent\" data-id=\"79c5bea\" data-element_type=\"container\" data-e-type=\"container\">\n\t\t\t\t\t<div class=\"e-con-inner\">\n\t\t<div class=\"elementor-element elementor-element-32464fb e-con-full e-flex e-con e-child\" data-id=\"32464fb\" data-element_type=\"container\" data-e-type=\"container\">\n\t\t\t\t<div class=\"elementor-element elementor-element-d9d7096 elementor-widget elementor-widget-text-editor\" data-id=\"d9d7096\" data-element_type=\"widget\" data-e-type=\"widget\" data-widget_type=\"text-editor.default\">\n\t\t\t\t<div class=\"elementor-widget-container\">\n\t\t\t\t\t\t\t\t\t<p>Leadbeat erkennt Unternehmen, die Webseiten unserer Kunden besuchen, und verarbeitet dabei uns zug\u00e4ngliche Firmendaten.<\/p><p>Wenn Sie nicht m\u00f6chten, dass Ihr Unternehmen von Leadbeat identifiziert wird, k\u00f6nnen Sie sich \u00fcber den folgenden Link abmelden:<\/p>\t\t\t\t\t\t\t\t<\/div>\n\t\t\t\t<\/div>\n\t\t\t\t<div class=\"elementor-element elementor-element-09899b5 elementor-button-align-center elementor-widget elementor-widget-form\" data-id=\"09899b5\" data-element_type=\"widget\" data-e-type=\"widget\" data-settings=\"{&quot;step_next_label&quot;:&quot;N\\u00e4chster&quot;,&quot;step_previous_label&quot;:&quot;Voriger&quot;,&quot;step_type&quot;:&quot;number_text&quot;,&quot;step_icon_shape&quot;:&quot;circle&quot;}\" data-widget_type=\"form.default\">\n\t\t\t\t<div class=\"elementor-widget-container\">\n\t\t\t\t\t\t\t<form class=\"elementor-form\" method=\"post\" id=\"leadbeat_optout\" name=\"Leadbeat Opt-Out\" aria-label=\"Leadbeat Opt-Out\">\n\t\t\t<input type=\"hidden\" name=\"post_id\" value=\"5236\"\/>\n\t\t\t<input type=\"hidden\" name=\"form_id\" value=\"09899b5\"\/>\n\t\t\t<input type=\"hidden\" name=\"referer_title\" value=\"Leadbeat Opt-Out - REXAGO Information GmbH\" \/>\n\n\t\t\t\t\t\t\t<input type=\"hidden\" name=\"queried_id\" value=\"5236\"\/>\n\t\t\t\n\t\t\t<div class=\"elementor-form-fields-wrapper elementor-labels-above\">\n\t\t\t\t\t\t\t\t<div class=\"elementor-field-type-hidden elementor-field-group elementor-column elementor-field-group-dummy elementor-col-100\">\n\t\t\t\t\t\t\t\t\t\t\t\t\t<input size=\"1\" type=\"hidden\" name=\"form_fields[dummy]\" id=\"form-field-dummy\" class=\"elementor-field elementor-size-sm  elementor-field-textual\">\n\t\t\t\t\t\t\t\t\t\t\t<\/div>\n\t\t\t\t\t\t\t\t<div class=\"elementor-field-group elementor-column elementor-field-type-submit elementor-col-100 e-form__buttons\">\n\t\t\t\t\t<button class=\"elementor-button elementor-size-sm\" type=\"submit\">\n\t\t\t\t\t\t<span class=\"elementor-button-content-wrapper\">\n\t\t\t\t\t\t\t\t\t\t\t\t\t\t\t<span class=\"elementor-button-icon\">\n\t\t\t\t\t\t\t\t\t<svg aria-hidden=\"true\" class=\"e-font-icon-svg e-far-eye-slash\" viewBox=\"0 0 640 512\" xmlns=\"http:\/\/www.w3.org\/2000\/svg\"><path d=\"M634 471L36 3.51A16 16 0 0 0 13.51 6l-10 12.49A16 16 0 0 0 6 41l598 467.49a16 16 0 0 0 22.49-2.49l10-12.49A16 16 0 0 0 634 471zM296.79 146.47l134.79 105.38C429.36 191.91 380.48 144 320 144a112.26 112.26 0 0 0-23.21 2.47zm46.42 219.07L208.42 260.16C210.65 320.09 259.53 368 320 368a113 113 0 0 0 23.21-2.46zM320 112c98.65 0 189.09 55 237.93 144a285.53 285.53 0 0 1-44 60.2l37.74 29.5a333.7 333.7 0 0 0 52.9-75.11 32.35 32.35 0 0 0 0-29.19C550.29 135.59 442.93 64 320 64c-36.7 0-71.71 7-104.63 18.81l46.41 36.29c18.94-4.3 38.34-7.1 58.22-7.1zm0 288c-98.65 0-189.08-55-237.93-144a285.47 285.47 0 0 1 44.05-60.19l-37.74-29.5a333.6 333.6 0 0 0-52.89 75.1 32.35 32.35 0 0 0 0 29.19C89.72 376.41 197.08 448 320 448c36.7 0 71.71-7.05 104.63-18.81l-46.41-36.28C359.28 397.2 339.89 400 320 400z\"><\/path><\/svg>\t\t\t\t\t\t\t\t\t\t\t\t\t\t\t\t\t<\/span>\n\t\t\t\t\t\t\t\t\t\t\t\t\t\t\t\t\t\t\t\t\t\t<span class=\"elementor-button-text\">Tracking deaktivieren<\/span>\n\t\t\t\t\t\t\t\t\t\t\t\t\t<\/span>\n\t\t\t\t\t<\/button>\n\t\t\t\t<\/div>\n\t\t\t<\/div>\n\t\t<\/form>\n\t\t\t\t\t\t<\/div>\n\t\t\t\t<\/div>\n\t\t\t\t<\/div>\n\t\t\t\t\t<\/div>\n\t\t\t\t<\/div>\n\t\t<div class=\"elementor-element elementor-element-943f8b4 e-con-full e-flex e-con e-parent\" data-id=\"943f8b4\" data-element_type=\"container\" data-e-type=\"container\">\n\t\t\t\t<div class=\"elementor-element elementor-element-b277519 elementor-widget elementor-widget-template\" data-id=\"b277519\" data-element_type=\"widget\" data-e-type=\"widget\" data-widget_type=\"template.default\">\n\t\t\t\t<div class=\"elementor-widget-container\">\n\t\t\t\t\t\t\t<div class=\"elementor-template\">\n\t\t\t\t\t<div data-elementor-type=\"container\" data-elementor-id=\"1337\" class=\"elementor elementor-1337\" data-elementor-post-type=\"elementor_library\">\n\t\t\t\t<div class=\"elementor-element elementor-element-3bde37c e-flex e-con-boxed e-con e-parent\" data-id=\"3bde37c\" data-element_type=\"container\" data-e-type=\"container\" data-settings=\"{&quot;background_background&quot;:&quot;gradient&quot;,&quot;shape_divider_top&quot;:&quot;mountains&quot;}\">\n\t\t\t\t\t<div class=\"e-con-inner\">\n\t\t\t\t<div class=\"elementor-shape elementor-shape-top\" aria-hidden=\"true\" data-negative=\"false\">\n\t\t\t<svg xmlns=\"http:\/\/www.w3.org\/2000\/svg\" viewBox=\"0 0 1000 100\" preserveAspectRatio=\"none\">\n\t<path class=\"elementor-shape-fill\" opacity=\"0.33\" d=\"M473,67.3c-203.9,88.3-263.1-34-320.3,0C66,119.1,0,59.7,0,59.7V0h1000v59.7 c0,0-62.1,26.1-94.9,29.3c-32.8,3.3-62.8-12.3-75.8-22.1C806,49.6,745.3,8.7,694.9,4.7S492.4,59,473,67.3z\"\/>\n\t<path class=\"elementor-shape-fill\" opacity=\"0.66\" d=\"M734,67.3c-45.5,0-77.2-23.2-129.1-39.1c-28.6-8.7-150.3-10.1-254,39.1 s-91.7-34.4-149.2,0C115.7,118.3,0,39.8,0,39.8V0h1000v36.5c0,0-28.2-18.5-92.1-18.5C810.2,18.1,775.7,67.3,734,67.3z\"\/>\n\t<path class=\"elementor-shape-fill\" d=\"M766.1,28.9c-200-57.5-266,65.5-395.1,19.5C242,1.8,242,5.4,184.8,20.6C128,35.8,132.3,44.9,89.9,52.5C28.6,63.7,0,0,0,0 h1000c0,0-9.9,40.9-83.6,48.1S829.6,47,766.1,28.9z\"\/>\n<\/svg>\t\t<\/div>\n\t\t<div class=\"elementor-element elementor-element-abf8da3 e-con-full e-flex e-con e-child\" data-id=\"abf8da3\" data-element_type=\"container\" data-e-type=\"container\">\n\t\t\t\t<div class=\"elementor-element elementor-element-42f6f6f elementor-widget elementor-widget-heading\" data-id=\"42f6f6f\" data-element_type=\"widget\" data-e-type=\"widget\" data-widget_type=\"heading.default\">\n\t\t\t\t<div class=\"elementor-widget-container\">\n\t\t\t\t\t<h3 class=\"elementor-heading-title elementor-size-default\">Bessere Leads, mehr Umsatz<\/h3>\t\t\t\t<\/div>\n\t\t\t\t<\/div>\n\t\t\t\t<div class=\"elementor-element elementor-element-7783ea8 elementor-widget elementor-widget-heading\" data-id=\"7783ea8\" data-element_type=\"widget\" data-e-type=\"widget\" data-widget_type=\"heading.default\">\n\t\t\t\t<div class=\"elementor-widget-container\">\n\t\t\t\t\t<h2 class=\"elementor-heading-title elementor-size-default\">Deine Neukundengewinnung geht einfacher mit den Werkzeugen von Rexago. Ein Gespr\u00e4ch mit uns bringt Dich bestimmt weiter.<br><br>Jetzt kostenlose und individuelle Beratung mit einem unserer Experten buchen:<\/h2>\t\t\t\t<\/div>\n\t\t\t\t<\/div>\n\t\t\t\t<div class=\"elementor-element elementor-element-a50f3f8 elementor-mobile-align-center elementor-widget elementor-widget-button\" data-id=\"a50f3f8\" data-element_type=\"widget\" data-e-type=\"widget\" data-widget_type=\"button.default\">\n\t\t\t\t<div class=\"elementor-widget-container\">\n\t\t\t\t\t\t\t\t\t<div class=\"elementor-button-wrapper\">\n\t\t\t\t\t<a class=\"elementor-button elementor-button-link elementor-size-sm\" href=\"\/expertengespraech\/?bereich=Footer&#038;email=\">\n\t\t\t\t\t\t<span class=\"elementor-button-content-wrapper\">\n\t\t\t\t\t\t<span class=\"elementor-button-icon\">\n\t\t\t\t<svg aria-hidden=\"true\" class=\"e-font-icon-svg e-fas-arrow-right\" viewBox=\"0 0 448 512\" xmlns=\"http:\/\/www.w3.org\/2000\/svg\"><path d=\"M190.5 66.9l22.2-22.2c9.4-9.4 24.6-9.4 33.9 0L441 239c9.4 9.4 9.4 24.6 0 33.9L246.6 467.3c-9.4 9.4-24.6 9.4-33.9 0l-22.2-22.2c-9.5-9.5-9.3-25 .4-34.3L311.4 296H24c-13.3 0-24-10.7-24-24v-32c0-13.3 10.7-24 24-24h287.4L190.9 101.2c-9.8-9.3-10-24.8-.4-34.3z\"><\/path><\/svg>\t\t\t<\/span>\n\t\t\t\t\t\t\t\t\t<span class=\"elementor-button-text\">Expertentermin buchen<\/span>\n\t\t\t\t\t<\/span>\n\t\t\t\t\t<\/a>\n\t\t\t\t<\/div>\n\t\t\t\t\t\t\t\t<\/div>\n\t\t\t\t<\/div>\n\t\t\t\t<\/div>\n\t\t<div class=\"elementor-element elementor-element-702a56e e-con-full e-flex e-con e-child\" data-id=\"702a56e\" data-element_type=\"container\" data-e-type=\"container\">\n\t\t\t\t<div class=\"elementor-element elementor-element-0a33b5f elementor-widget-mobile__width-initial elementor-widget elementor-widget-image\" data-id=\"0a33b5f\" data-element_type=\"widget\" data-e-type=\"widget\" data-settings=\"{&quot;motion_fx_motion_fx_scrolling&quot;:&quot;yes&quot;,&quot;motion_fx_translateY_effect&quot;:&quot;yes&quot;,&quot;motion_fx_translateY_direction&quot;:&quot;negative&quot;,&quot;motion_fx_translateY_speed&quot;:{&quot;unit&quot;:&quot;px&quot;,&quot;size&quot;:&quot;1&quot;,&quot;sizes&quot;:[]},&quot;motion_fx_devices&quot;:[&quot;desktop&quot;,&quot;tablet&quot;],&quot;motion_fx_translateY_affectedRange&quot;:{&quot;unit&quot;:&quot;%&quot;,&quot;size&quot;:&quot;&quot;,&quot;sizes&quot;:{&quot;start&quot;:&quot;0&quot;,&quot;end&quot;:&quot;50&quot;}}}\" data-widget_type=\"image.default\">\n\t\t\t\t<div class=\"elementor-widget-container\">\n\t\t\t\t\t\t\t\t\t\t\t\t\t\t\t<img fetchpriority=\"high\" decoding=\"async\" width=\"700\" height=\"458\" src=\"https:\/\/www.rexago.com\/wp-content\/uploads\/2024\/09\/lupe_daten.jpg\" class=\"attachment-full size-full wp-image-2115\" alt=\"\" srcset=\"https:\/\/www.rexago.com\/wp-content\/uploads\/2024\/09\/lupe_daten.jpg 700w, https:\/\/www.rexago.com\/wp-content\/uploads\/2024\/09\/lupe_daten-300x196.jpg 300w\" sizes=\"(max-width: 700px) 100vw, 700px\" \/>\t\t\t\t\t\t\t\t\t\t\t\t\t\t\t<\/div>\n\t\t\t\t<\/div>\n\t\t\t\t<\/div>\n\t\t\t\t\t<\/div>\n\t\t\t\t<\/div>\n\t\t\t\t<\/div>\n\t\t\t\t<\/div>\n\t\t\t\t\t\t<\/div>\n\t\t\t\t<\/div>\n\t\t\t\t<\/div>\n\t\t\t\t<\/div>\n\t\t","protected":false},"excerpt":{"rendered":"<p>Leadbeat Opt-Out Wir nehmen Datenschutz ernst. Leadbeat erkennt Unternehmen, die Webseiten unserer Kunden besuchen, und verarbeitet dabei uns zug\u00e4ngliche Firmendaten. Wenn Sie nicht m\u00f6chten, dass Ihr Unternehmen von Leadbeat identifiziert wird, k\u00f6nnen Sie sich \u00fcber den folgenden Link abmelden:<\/p>\n","protected":false},"author":1,"featured_media":0,"parent":5234,"menu_order":0,"comment_status":"closed","ping_status":"closed","template":"","meta":{"footnotes":""},"class_list":["post-5236","page","type-page","status-publish","hentry"],"yoast_head":"<!-- This site is optimized with the Yoast SEO Premium plugin v27.4 (Yoast SEO v27.4) - https:\/\/yoast.com\/product\/yoast-seo-premium-wordpress\/ -->\n<title>Leadbeat Opt-Out - REXAGO Information GmbH<\/title>\n<meta name=\"robots\" content=\"noindex, follow\" \/>\n<meta property=\"og:locale\" content=\"de_DE\" \/>\n<meta property=\"og:type\" content=\"article\" \/>\n<meta property=\"og:title\" content=\"REXAGO Information GmbH\" \/>\n<meta property=\"og:description\" content=\"Leadbeat Opt-Out Wir nehmen Datenschutz ernst. Leadbeat erkennt Unternehmen, die Webseiten unserer Kunden besuchen, und verarbeitet dabei uns zug\u00e4ngliche Firmendaten. Wenn Sie nicht m\u00f6chten, dass Ihr Unternehmen von Leadbeat identifiziert wird, k\u00f6nnen Sie sich \u00fcber den folgenden Link abmelden:\" \/>\n<meta property=\"og:url\" content=\"https:\/\/www.rexago.com\/de\/datenschutz\/leadbeat\/opt-out\/\" \/>\n<meta property=\"og:site_name\" content=\"REXAGO Information GmbH\" \/>\n<meta property=\"article:publisher\" content=\"https:\/\/de-de.facebook.com\/rexagoinformation\/\" \/>\n<meta property=\"article:modified_time\" content=\"2025-01-23T14:07:12+00:00\" \/>\n<meta property=\"og:image\" content=\"https:\/\/www.rexago.com\/wp-content\/uploads\/2024\/10\/kugel-quad.jpg\" \/>\n\t<meta property=\"og:image:width\" content=\"500\" \/>\n\t<meta property=\"og:image:height\" content=\"499\" \/>\n\t<meta property=\"og:image:type\" content=\"image\/jpeg\" \/>\n<meta name=\"twitter:card\" content=\"summary_large_image\" \/>\n<meta name=\"twitter:label1\" content=\"Gesch\u00e4tzte Lesezeit\" \/>\n\t<meta name=\"twitter:data1\" content=\"1\u00a0Minute\" \/>\n<script type=\"application\/ld+json\" class=\"yoast-schema-graph\">{\"@context\":\"https:\\\/\\\/schema.org\",\"@graph\":[{\"@type\":\"WebPage\",\"@id\":\"https:\\\/\\\/www.rexago.com\\\/de\\\/datenschutz\\\/leadbeat\\\/opt-out\\\/\",\"url\":\"https:\\\/\\\/www.rexago.com\\\/de\\\/datenschutz\\\/leadbeat\\\/opt-out\\\/\",\"name\":\"Leadbeat Opt-Out - REXAGO Information GmbH\",\"isPartOf\":{\"@id\":\"https:\\\/\\\/www.rexago.com\\\/de\\\/#website\"},\"datePublished\":\"2024-11-28T10:23:59+00:00\",\"dateModified\":\"2025-01-23T14:07:12+00:00\",\"breadcrumb\":{\"@id\":\"https:\\\/\\\/www.rexago.com\\\/de\\\/datenschutz\\\/leadbeat\\\/opt-out\\\/#breadcrumb\"},\"inLanguage\":\"de\",\"potentialAction\":[{\"@type\":\"ReadAction\",\"target\":[\"https:\\\/\\\/www.rexago.com\\\/de\\\/datenschutz\\\/leadbeat\\\/opt-out\\\/\"]}]},{\"@type\":\"BreadcrumbList\",\"@id\":\"https:\\\/\\\/www.rexago.com\\\/de\\\/datenschutz\\\/leadbeat\\\/opt-out\\\/#breadcrumb\",\"itemListElement\":[{\"@type\":\"ListItem\",\"position\":1,\"name\":\"Home\",\"item\":\"https:\\\/\\\/www.rexago.com\\\/de\\\/\"},{\"@type\":\"ListItem\",\"position\":2,\"name\":\"Datenschutz\",\"item\":\"https:\\\/\\\/www.rexago.com\\\/de\\\/datenschutz\\\/\"},{\"@type\":\"ListItem\",\"position\":3,\"name\":\"Privat: Datenschutz Leadbeat\",\"item\":\"https:\\\/\\\/www.rexago.com\\\/de\\\/datenschutz\\\/leadbeat\\\/\"},{\"@type\":\"ListItem\",\"position\":4,\"name\":\"Leadbeat Opt-Out\"}]},{\"@type\":\"WebSite\",\"@id\":\"https:\\\/\\\/www.rexago.com\\\/de\\\/#website\",\"url\":\"https:\\\/\\\/www.rexago.com\\\/de\\\/\",\"name\":\"REXAGO Information GmbH\",\"description\":\"\",\"publisher\":{\"@id\":\"https:\\\/\\\/www.rexago.com\\\/de\\\/#organization\"},\"alternateName\":\"REXAGO Information GmbH\",\"potentialAction\":[{\"@type\":\"SearchAction\",\"target\":{\"@type\":\"EntryPoint\",\"urlTemplate\":\"https:\\\/\\\/www.rexago.com\\\/de\\\/?s={search_term_string}\"},\"query-input\":{\"@type\":\"PropertyValueSpecification\",\"valueRequired\":true,\"valueName\":\"search_term_string\"}}],\"inLanguage\":\"de\"},{\"@type\":\"Organization\",\"@id\":\"https:\\\/\\\/www.rexago.com\\\/de\\\/#organization\",\"name\":\"REXAGO Information GmbH\",\"alternateName\":\"REXAGO\",\"url\":\"https:\\\/\\\/www.rexago.com\\\/de\\\/\",\"logo\":{\"@type\":\"ImageObject\",\"inLanguage\":\"de\",\"@id\":\"https:\\\/\\\/www.rexago.com\\\/de\\\/#\\\/schema\\\/logo\\\/image\\\/\",\"url\":\"https:\\\/\\\/www.rexago.com\\\/wp-content\\\/uploads\\\/2024\\\/06\\\/favicon.png\",\"contentUrl\":\"https:\\\/\\\/www.rexago.com\\\/wp-content\\\/uploads\\\/2024\\\/06\\\/favicon.png\",\"width\":146,\"height\":146,\"caption\":\"REXAGO Information GmbH\"},\"image\":{\"@id\":\"https:\\\/\\\/www.rexago.com\\\/de\\\/#\\\/schema\\\/logo\\\/image\\\/\"},\"sameAs\":[\"https:\\\/\\\/de-de.facebook.com\\\/rexagoinformation\\\/\",\"https:\\\/\\\/www.linkedin.com\\\/company\\\/rexago-information-gmbh\\\/\",\"https:\\\/\\\/www.xing.com\\\/pages\\\/rexagoinformationgmbh\",\"https:\\\/\\\/www.instagram.com\\\/rexago_information\\\/\"],\"description\":\"Rexago stellt Vertriebs- und Marketingteams die Werkzeuge und Daten zur Verf\u00fcgung, um Neukunden einfach zu finden und Kaufabschl\u00fcsse zu maximieren.\",\"email\":\"info@rexago.de\",\"telephone\":\"+49 791 949428-0\",\"legalName\":\"REXAGO Information GmbH\",\"foundingDate\":\"2008-04-11\",\"vatID\":\"DE814964379\",\"numberOfEmployees\":{\"@type\":\"QuantitativeValue\",\"minValue\":\"11\",\"maxValue\":\"50\"}}]}<\/script>\n<!-- \/ Yoast SEO Premium plugin. -->","yoast_head_json":{"title":"Leadbeat Opt-Out - REXAGO Information GmbH","robots":{"index":"noindex","follow":"follow"},"og_locale":"de_DE","og_type":"article","og_title":"REXAGO Information GmbH","og_description":"Leadbeat Opt-Out Wir nehmen Datenschutz ernst. Leadbeat erkennt Unternehmen, die Webseiten unserer Kunden besuchen, und verarbeitet dabei uns zug\u00e4ngliche Firmendaten. Wenn Sie nicht m\u00f6chten, dass Ihr Unternehmen von Leadbeat identifiziert wird, k\u00f6nnen Sie sich \u00fcber den folgenden Link abmelden:","og_url":"https:\/\/www.rexago.com\/de\/datenschutz\/leadbeat\/opt-out\/","og_site_name":"REXAGO Information GmbH","article_publisher":"https:\/\/de-de.facebook.com\/rexagoinformation\/","article_modified_time":"2025-01-23T14:07:12+00:00","og_image":[{"width":500,"height":499,"url":"https:\/\/www.rexago.com\/wp-content\/uploads\/2024\/10\/kugel-quad.jpg","type":"image\/jpeg"}],"twitter_card":"summary_large_image","twitter_misc":{"Gesch\u00e4tzte Lesezeit":"1\u00a0Minute"},"schema":{"@context":"https:\/\/schema.org","@graph":[{"@type":"WebPage","@id":"https:\/\/www.rexago.com\/de\/datenschutz\/leadbeat\/opt-out\/","url":"https:\/\/www.rexago.com\/de\/datenschutz\/leadbeat\/opt-out\/","name":"Leadbeat Opt-Out - REXAGO Information GmbH","isPartOf":{"@id":"https:\/\/www.rexago.com\/de\/#website"},"datePublished":"2024-11-28T10:23:59+00:00","dateModified":"2025-01-23T14:07:12+00:00","breadcrumb":{"@id":"https:\/\/www.rexago.com\/de\/datenschutz\/leadbeat\/opt-out\/#breadcrumb"},"inLanguage":"de","potentialAction":[{"@type":"ReadAction","target":["https:\/\/www.rexago.com\/de\/datenschutz\/leadbeat\/opt-out\/"]}]},{"@type":"BreadcrumbList","@id":"https:\/\/www.rexago.com\/de\/datenschutz\/leadbeat\/opt-out\/#breadcrumb","itemListElement":[{"@type":"ListItem","position":1,"name":"Home","item":"https:\/\/www.rexago.com\/de\/"},{"@type":"ListItem","position":2,"name":"Datenschutz","item":"https:\/\/www.rexago.com\/de\/datenschutz\/"},{"@type":"ListItem","position":3,"name":"Privat: Datenschutz Leadbeat","item":"https:\/\/www.rexago.com\/de\/datenschutz\/leadbeat\/"},{"@type":"ListItem","position":4,"name":"Leadbeat Opt-Out"}]},{"@type":"WebSite","@id":"https:\/\/www.rexago.com\/de\/#website","url":"https:\/\/www.rexago.com\/de\/","name":"REXAGO Information GmbH","description":"","publisher":{"@id":"https:\/\/www.rexago.com\/de\/#organization"},"alternateName":"REXAGO Information GmbH","potentialAction":[{"@type":"SearchAction","target":{"@type":"EntryPoint","urlTemplate":"https:\/\/www.rexago.com\/de\/?s={search_term_string}"},"query-input":{"@type":"PropertyValueSpecification","valueRequired":true,"valueName":"search_term_string"}}],"inLanguage":"de"},{"@type":"Organization","@id":"https:\/\/www.rexago.com\/de\/#organization","name":"REXAGO Information GmbH","alternateName":"REXAGO","url":"https:\/\/www.rexago.com\/de\/","logo":{"@type":"ImageObject","inLanguage":"de","@id":"https:\/\/www.rexago.com\/de\/#\/schema\/logo\/image\/","url":"https:\/\/www.rexago.com\/wp-content\/uploads\/2024\/06\/favicon.png","contentUrl":"https:\/\/www.rexago.com\/wp-content\/uploads\/2024\/06\/favicon.png","width":146,"height":146,"caption":"REXAGO Information GmbH"},"image":{"@id":"https:\/\/www.rexago.com\/de\/#\/schema\/logo\/image\/"},"sameAs":["https:\/\/de-de.facebook.com\/rexagoinformation\/","https:\/\/www.linkedin.com\/company\/rexago-information-gmbh\/","https:\/\/www.xing.com\/pages\/rexagoinformationgmbh","https:\/\/www.instagram.com\/rexago_information\/"],"description":"Rexago stellt Vertriebs- und Marketingteams die Werkzeuge und Daten zur Verf\u00fcgung, um Neukunden einfach zu finden und Kaufabschl\u00fcsse zu maximieren.","email":"info@rexago.de","telephone":"+49 791 949428-0","legalName":"REXAGO Information GmbH","foundingDate":"2008-04-11","vatID":"DE814964379","numberOfEmployees":{"@type":"QuantitativeValue","minValue":"11","maxValue":"50"}}]}},"_links":{"self":[{"href":"https:\/\/www.rexago.com\/de\/wp-json\/wp\/v2\/pages\/5236","targetHints":{"allow":["GET"]}}],"collection":[{"href":"https:\/\/www.rexago.com\/de\/wp-json\/wp\/v2\/pages"}],"about":[{"href":"https:\/\/www.rexago.com\/de\/wp-json\/wp\/v2\/types\/page"}],"author":[{"embeddable":true,"href":"https:\/\/www.rexago.com\/de\/wp-json\/wp\/v2\/users\/1"}],"replies":[{"embeddable":true,"href":"https:\/\/www.rexago.com\/de\/wp-json\/wp\/v2\/comments?post=5236"}],"version-history":[{"count":1,"href":"https:\/\/www.rexago.com\/de\/wp-json\/wp\/v2\/pages\/5236\/revisions"}],"predecessor-version":[{"id":6249,"href":"https:\/\/www.rexago.com\/de\/wp-json\/wp\/v2\/pages\/5236\/revisions\/6249"}],"up":[{"embeddable":true,"href":"https:\/\/www.rexago.com\/de\/wp-json\/wp\/v2\/pages\/5234"}],"wp:attachment":[{"href":"https:\/\/www.rexago.com\/de\/wp-json\/wp\/v2\/media?parent=5236"}],"curies":[{"name":"wp","href":"https:\/\/api.w.org\/{rel}","templated":true}]}}