{"id":3580,"date":"2024-10-01T17:05:22","date_gmt":"2024-10-01T15:05:22","guid":{"rendered":"https:\/\/www.rexago.com\/?page_id=3580"},"modified":"2025-08-06T10:19:46","modified_gmt":"2025-08-06T08:19:46","slug":"expertengespraech","status":"publish","type":"page","link":"https:\/\/www.rexago.com\/de\/expertengespraech\/","title":{"rendered":"Expertengespr\u00e4ch"},"content":{"rendered":"\t\t<div data-elementor-type=\"wp-page\" data-elementor-id=\"3580\" class=\"elementor elementor-3580\" data-elementor-post-type=\"page\">\n\t\t\t\t<div class=\"elementor-element elementor-element-06e0920 e-flex e-con-boxed e-con e-parent\" data-id=\"06e0920\" data-element_type=\"container\" data-e-type=\"container\" data-settings=\"{&quot;background_background&quot;:&quot;classic&quot;}\">\n\t\t\t\t\t<div class=\"e-con-inner\">\n\t\t<div class=\"elementor-element elementor-element-c9e729c e-con-full e-flex e-con e-child\" data-id=\"c9e729c\" data-element_type=\"container\" data-e-type=\"container\" data-settings=\"{&quot;background_background&quot;:&quot;gradient&quot;,&quot;motion_fx_motion_fx_scrolling&quot;:&quot;yes&quot;,&quot;motion_fx_translateY_effect&quot;:&quot;yes&quot;,&quot;motion_fx_translateY_direction&quot;:&quot;negative&quot;,&quot;motion_fx_translateY_speed&quot;:{&quot;unit&quot;:&quot;px&quot;,&quot;size&quot;:&quot;1&quot;,&quot;sizes&quot;:[]},&quot;motion_fx_devices&quot;:[&quot;desktop&quot;,&quot;tablet&quot;],&quot;shape_divider_top&quot;:&quot;mountains&quot;,&quot;shape_divider_bottom&quot;:&quot;mountains&quot;,&quot;motion_fx_translateY_affectedRange&quot;:{&quot;unit&quot;:&quot;%&quot;,&quot;size&quot;:&quot;&quot;,&quot;sizes&quot;:{&quot;start&quot;:0,&quot;end&quot;:100}}}\">\n\t\t\t\t<div class=\"elementor-shape elementor-shape-top\" aria-hidden=\"true\" data-negative=\"false\">\n\t\t\t<svg xmlns=\"http:\/\/www.w3.org\/2000\/svg\" viewBox=\"0 0 1000 100\" preserveAspectRatio=\"none\">\n\t<path class=\"elementor-shape-fill\" opacity=\"0.33\" d=\"M473,67.3c-203.9,88.3-263.1-34-320.3,0C66,119.1,0,59.7,0,59.7V0h1000v59.7 c0,0-62.1,26.1-94.9,29.3c-32.8,3.3-62.8-12.3-75.8-22.1C806,49.6,745.3,8.7,694.9,4.7S492.4,59,473,67.3z\"\/>\n\t<path class=\"elementor-shape-fill\" opacity=\"0.66\" d=\"M734,67.3c-45.5,0-77.2-23.2-129.1-39.1c-28.6-8.7-150.3-10.1-254,39.1 s-91.7-34.4-149.2,0C115.7,118.3,0,39.8,0,39.8V0h1000v36.5c0,0-28.2-18.5-92.1-18.5C810.2,18.1,775.7,67.3,734,67.3z\"\/>\n\t<path class=\"elementor-shape-fill\" d=\"M766.1,28.9c-200-57.5-266,65.5-395.1,19.5C242,1.8,242,5.4,184.8,20.6C128,35.8,132.3,44.9,89.9,52.5C28.6,63.7,0,0,0,0 h1000c0,0-9.9,40.9-83.6,48.1S829.6,47,766.1,28.9z\"\/>\n<\/svg>\t\t<\/div>\n\t\t\t\t<div class=\"elementor-shape elementor-shape-bottom\" aria-hidden=\"true\" data-negative=\"false\">\n\t\t\t<svg xmlns=\"http:\/\/www.w3.org\/2000\/svg\" viewBox=\"0 0 1000 100\" preserveAspectRatio=\"none\">\n\t<path class=\"elementor-shape-fill\" opacity=\"0.33\" d=\"M473,67.3c-203.9,88.3-263.1-34-320.3,0C66,119.1,0,59.7,0,59.7V0h1000v59.7 c0,0-62.1,26.1-94.9,29.3c-32.8,3.3-62.8-12.3-75.8-22.1C806,49.6,745.3,8.7,694.9,4.7S492.4,59,473,67.3z\"\/>\n\t<path class=\"elementor-shape-fill\" opacity=\"0.66\" d=\"M734,67.3c-45.5,0-77.2-23.2-129.1-39.1c-28.6-8.7-150.3-10.1-254,39.1 s-91.7-34.4-149.2,0C115.7,118.3,0,39.8,0,39.8V0h1000v36.5c0,0-28.2-18.5-92.1-18.5C810.2,18.1,775.7,67.3,734,67.3z\"\/>\n\t<path class=\"elementor-shape-fill\" d=\"M766.1,28.9c-200-57.5-266,65.5-395.1,19.5C242,1.8,242,5.4,184.8,20.6C128,35.8,132.3,44.9,89.9,52.5C28.6,63.7,0,0,0,0 h1000c0,0-9.9,40.9-83.6,48.1S829.6,47,766.1,28.9z\"\/>\n<\/svg>\t\t<\/div>\n\t\t<div class=\"elementor-element elementor-element-6d83814 e-con-full e-flex e-con e-child\" data-id=\"6d83814\" data-element_type=\"container\" data-e-type=\"container\">\n\t\t\t\t<div class=\"elementor-element elementor-element-30dcd0d elementor-widget elementor-widget-heading\" data-id=\"30dcd0d\" data-element_type=\"widget\" data-e-type=\"widget\" data-widget_type=\"heading.default\">\n\t\t\t\t<div class=\"elementor-widget-container\">\n\t\t\t\t\t<h2 class=\"elementor-heading-title elementor-size-default\">Kostenlos und ohne Risiko<\/h2>\t\t\t\t<\/div>\n\t\t\t\t<\/div>\n\t\t\t\t<div class=\"elementor-element elementor-element-65f4074 elementor-widget elementor-widget-heading\" data-id=\"65f4074\" data-element_type=\"widget\" data-e-type=\"widget\" data-widget_type=\"heading.default\">\n\t\t\t\t<div class=\"elementor-widget-container\">\n\t\t\t\t\t<h1 class=\"elementor-heading-title elementor-size-default\">Vereinbare jetzt einen Termin mit einem unserer Experten<\/h1>\t\t\t\t<\/div>\n\t\t\t\t<\/div>\n\t\t\t\t<div class=\"elementor-element elementor-element-68accaf elementor-align-start elementor-icon-list--layout-traditional elementor-list-item-link-full_width elementor-widget elementor-widget-icon-list\" data-id=\"68accaf\" data-element_type=\"widget\" data-e-type=\"widget\" data-widget_type=\"icon-list.default\">\n\t\t\t\t<div class=\"elementor-widget-container\">\n\t\t\t\t\t\t\t<ul class=\"elementor-icon-list-items\">\n\t\t\t\t\t\t\t<li class=\"elementor-icon-list-item\">\n\t\t\t\t\t\t\t\t\t\t\t<span class=\"elementor-icon-list-icon\">\n\t\t\t\t\t\t\t<svg aria-hidden=\"true\" class=\"e-font-icon-svg e-fas-check\" viewBox=\"0 0 512 512\" xmlns=\"http:\/\/www.w3.org\/2000\/svg\"><path d=\"M173.898 439.404l-166.4-166.4c-9.997-9.997-9.997-26.206 0-36.204l36.203-36.204c9.997-9.998 26.207-9.998 36.204 0L192 312.69 432.095 72.596c9.997-9.997 26.207-9.997 36.204 0l36.203 36.204c9.997 9.997 9.997 26.206 0 36.204l-294.4 294.401c-9.998 9.997-26.207 9.997-36.204-.001z\"><\/path><\/svg>\t\t\t\t\t\t<\/span>\n\t\t\t\t\t\t\t\t\t\t<span class=\"elementor-icon-list-text\">Individuelle Beratung passend zu Deinem Anwendungsfall<\/span>\n\t\t\t\t\t\t\t\t\t<\/li>\n\t\t\t\t\t\t\t\t<li class=\"elementor-icon-list-item\">\n\t\t\t\t\t\t\t\t\t\t\t<span class=\"elementor-icon-list-icon\">\n\t\t\t\t\t\t\t<svg aria-hidden=\"true\" class=\"e-font-icon-svg e-fas-check\" viewBox=\"0 0 512 512\" xmlns=\"http:\/\/www.w3.org\/2000\/svg\"><path d=\"M173.898 439.404l-166.4-166.4c-9.997-9.997-9.997-26.206 0-36.204l36.203-36.204c9.997-9.998 26.207-9.998 36.204 0L192 312.69 432.095 72.596c9.997-9.997 26.207-9.997 36.204 0l36.203 36.204c9.997 9.997 9.997 26.206 0 36.204l-294.4 294.401c-9.998 9.997-26.207 9.997-36.204-.001z\"><\/path><\/svg>\t\t\t\t\t\t<\/span>\n\t\t\t\t\t\t\t\t\t\t<span class=\"elementor-icon-list-text\">Beantwortung all Deiner Fragen<\/span>\n\t\t\t\t\t\t\t\t\t<\/li>\n\t\t\t\t\t\t\t\t<li class=\"elementor-icon-list-item\">\n\t\t\t\t\t\t\t\t\t\t\t<span class=\"elementor-icon-list-icon\">\n\t\t\t\t\t\t\t<svg aria-hidden=\"true\" class=\"e-font-icon-svg e-fas-check\" viewBox=\"0 0 512 512\" xmlns=\"http:\/\/www.w3.org\/2000\/svg\"><path d=\"M173.898 439.404l-166.4-166.4c-9.997-9.997-9.997-26.206 0-36.204l36.203-36.204c9.997-9.998 26.207-9.998 36.204 0L192 312.69 432.095 72.596c9.997-9.997 26.207-9.997 36.204 0l36.203 36.204c9.997 9.997 9.997 26.206 0 36.204l-294.4 294.401c-9.998 9.997-26.207 9.997-36.204-.001z\"><\/path><\/svg>\t\t\t\t\t\t<\/span>\n\t\t\t\t\t\t\t\t\t\t<span class=\"elementor-icon-list-text\">Ausf\u00fchrliche Erkl\u00e4rung aller Funktionen und M\u00f6glichkeiten<\/span>\n\t\t\t\t\t\t\t\t\t<\/li>\n\t\t\t\t\t\t<\/ul>\n\t\t\t\t\t\t<\/div>\n\t\t\t\t<\/div>\n\t\t\t\t<\/div>\n\t\t<div class=\"elementor-element elementor-element-c18cc6a e-con-full e-flex e-con e-child\" data-id=\"c18cc6a\" data-element_type=\"container\" data-e-type=\"container\">\n\t\t\t\t<div class=\"elementor-element elementor-element-f1ae0e2 elementor-widget elementor-widget-html\" data-id=\"f1ae0e2\" data-element_type=\"widget\" data-e-type=\"widget\" data-widget_type=\"html.default\">\n\t\t\t\t<div class=\"elementor-widget-container\">\n\t\t\t\t\t <div class=\"brlbs-cmpnt-container brlbs-cmpnt-content-blocker brlbs-cmpnt-with-individual-styles\" data-borlabs-cookie-content-blocker-id=\"calendly-inline-embed\" data-borlabs-cookie-content=\"PGRpdiBjbGFzcz0iY2FsZW5kbHktaW5saW5lLXdpZGdldCIgZGF0YS11cmw9Imh0dHBzOi8vY2FsZW5kbHkuY29tL2p1ZXJnZW5fc3RhbmVrL2V4cGVydGVuZ2VzcHJhZWNoLXdlYnNlaXRlP2JhY2tncm91bmRfY29sb3I9ZmJmYmZiJiMwMzg7dGV4dF9jb2xvcj0xYjFiMWImIzAzODtwcmltYXJ5X2NvbG9yPWI3MGUwYyIgc3R5bGU9Im1pbi13aWR0aDozMjBweDtoZWlnaHQ6NzAwcHg7Ij48L2Rpdj4NCiAgICAgICAgICAgIDxzY3JpcHQgdHlwZT0idGV4dC9qYXZhc2NyaXB0IiBzcmM9Imh0dHBzOi8vYXNzZXRzLmNhbGVuZGx5LmNvbS9hc3NldHMvZXh0ZXJuYWwvd2lkZ2V0LmpzIiBhc3luYz48L3NjcmlwdD4=\"><div class=\"brlbs-cmpnt-cb-preset-b brlbs-cmpnt-cb-calendly-embed\"> <div class=\"brlbs-cmpnt-cb-thumbnail\" style=\"background-image: url('https:\/\/www.rexago.com\/wp-content\/uploads\/borlabs-cookie\/1\/bct-calendly-centered-main.png')\"><\/div> <div class=\"brlbs-cmpnt-cb-main\"> <div class=\"brlbs-cmpnt-cb-content\"> <p class=\"brlbs-cmpnt-cb-description\">Sie sehen gerade einen Platzhalterinhalt von <strong>Calendly<\/strong>. Um auf den eigentlichen Inhalt zuzugreifen, klicken Sie auf die Schaltfl\u00e4che unten. Bitte beachten Sie, dass dabei Daten an Drittanbieter weitergegeben werden.<\/p> <a class=\"brlbs-cmpnt-cb-provider-toggle\" href=\"#\" data-borlabs-cookie-show-provider-information role=\"button\">Mehr Informationen<\/a> <\/div> <div class=\"brlbs-cmpnt-cb-buttons\"> <a class=\"brlbs-cmpnt-cb-btn\" href=\"#\" data-borlabs-cookie-unblock role=\"button\">Inhalt entsperren<\/a> <a class=\"brlbs-cmpnt-cb-btn\" href=\"#\" data-borlabs-cookie-accept-service role=\"button\" style=\"display: inherit\">Erforderlichen Service akzeptieren und Inhalte entsperren<\/a> <\/div> <\/div> <\/div><\/div>\t\t\t\t<\/div>\n\t\t\t\t<\/div>\n\t\t\t\t<\/div>\n\t\t\t\t<\/div>\n\t\t<div class=\"elementor-element elementor-element-e0d4b86 e-con-full e-flex e-con e-child\" data-id=\"e0d4b86\" data-element_type=\"container\" data-e-type=\"container\">\n\t\t\t\t<div class=\"elementor-element elementor-element-3a2966b elementor-widget elementor-widget-heading\" data-id=\"3a2966b\" data-element_type=\"widget\" data-e-type=\"widget\" data-settings=\"{&quot;motion_fx_motion_fx_scrolling&quot;:&quot;yes&quot;,&quot;motion_fx_translateY_effect&quot;:&quot;yes&quot;,&quot;motion_fx_translateY_speed&quot;:{&quot;unit&quot;:&quot;px&quot;,&quot;size&quot;:&quot;0.5&quot;,&quot;sizes&quot;:[]},&quot;motion_fx_translateY_affectedRange&quot;:{&quot;unit&quot;:&quot;%&quot;,&quot;size&quot;:&quot;&quot;,&quot;sizes&quot;:{&quot;start&quot;:&quot;0&quot;,&quot;end&quot;:&quot;50&quot;}},&quot;motion_fx_devices&quot;:[&quot;desktop&quot;,&quot;tablet&quot;,&quot;mobile&quot;]}\" data-widget_type=\"heading.default\">\n\t\t\t\t<div class=\"elementor-widget-container\">\n\t\t\t\t\t<h3 class=\"elementor-heading-title elementor-size-default\">Champions setzen auf Rexago<\/h3>\t\t\t\t<\/div>\n\t\t\t\t<\/div>\n\t\t\t\t<div class=\"elementor-element elementor-element-a47da89 elementor-widget elementor-widget-image-carousel\" data-id=\"a47da89\" data-element_type=\"widget\" data-e-type=\"widget\" data-settings=\"{&quot;slides_to_show&quot;:&quot;6&quot;,&quot;slides_to_show_tablet&quot;:&quot;6&quot;,&quot;slides_to_show_mobile&quot;:&quot;3&quot;,&quot;slides_to_scroll&quot;:&quot;1&quot;,&quot;slides_to_scroll_tablet&quot;:&quot;1&quot;,&quot;slides_to_scroll_mobile&quot;:&quot;1&quot;,&quot;navigation&quot;:&quot;none&quot;,&quot;pause_on_hover&quot;:&quot;no&quot;,&quot;autoplay_speed&quot;:2000,&quot;image_spacing_custom&quot;:{&quot;unit&quot;:&quot;px&quot;,&quot;size&quot;:0,&quot;sizes&quot;:[]},&quot;autoplay&quot;:&quot;yes&quot;,&quot;pause_on_interaction&quot;:&quot;yes&quot;,&quot;speed&quot;:500,&quot;image_spacing_custom_tablet&quot;:{&quot;unit&quot;:&quot;px&quot;,&quot;size&quot;:&quot;&quot;,&quot;sizes&quot;:[]},&quot;image_spacing_custom_mobile&quot;:{&quot;unit&quot;:&quot;px&quot;,&quot;size&quot;:&quot;&quot;,&quot;sizes&quot;:[]}}\" data-widget_type=\"image-carousel.default\">\n\t\t\t\t<div class=\"elementor-widget-container\">\n\t\t\t\t\t\t\t<div class=\"elementor-image-carousel-wrapper swiper\" role=\"region\" aria-roledescription=\"carousel\" aria-label=\"Bild Karussell\" dir=\"ltr\">\n\t\t\t<div class=\"elementor-image-carousel swiper-wrapper\" aria-live=\"off\">\n\t\t\t\t\t\t\t\t<div class=\"swiper-slide\" role=\"group\" aria-roledescription=\"slide\" aria-label=\"1 von 6\"><figure class=\"swiper-slide-inner\"><img decoding=\"async\" class=\"swiper-slide-image\" src=\"https:\/\/www.rexago.com\/wp-content\/uploads\/2024\/10\/logo_facebook_w.png\" alt=\"\" \/><\/figure><\/div><div class=\"swiper-slide\" role=\"group\" aria-roledescription=\"slide\" aria-label=\"2 von 6\"><figure class=\"swiper-slide-inner\"><img decoding=\"async\" class=\"swiper-slide-image\" src=\"https:\/\/www.rexago.com\/wp-content\/uploads\/2024\/10\/logo_edding_w.png\" alt=\"\" \/><\/figure><\/div><div class=\"swiper-slide\" role=\"group\" aria-roledescription=\"slide\" aria-label=\"3 von 6\"><figure class=\"swiper-slide-inner\"><img decoding=\"async\" class=\"swiper-slide-image\" src=\"https:\/\/www.rexago.com\/wp-content\/uploads\/2024\/10\/logo_sage_w.png\" alt=\"\" \/><\/figure><\/div><div class=\"swiper-slide\" role=\"group\" aria-roledescription=\"slide\" aria-label=\"4 von 6\"><figure class=\"swiper-slide-inner\"><img decoding=\"async\" class=\"swiper-slide-image\" src=\"https:\/\/www.rexago.com\/wp-content\/uploads\/2024\/10\/logo_soehnle_w.png\" alt=\"\" \/><\/figure><\/div><div class=\"swiper-slide\" role=\"group\" aria-roledescription=\"slide\" aria-label=\"5 von 6\"><figure class=\"swiper-slide-inner\"><img decoding=\"async\" class=\"swiper-slide-image\" src=\"https:\/\/www.rexago.com\/wp-content\/uploads\/2024\/10\/logo_knauf_w.png\" alt=\"\" \/><\/figure><\/div><div class=\"swiper-slide\" role=\"group\" aria-roledescription=\"slide\" aria-label=\"6 von 6\"><figure class=\"swiper-slide-inner\"><img decoding=\"async\" class=\"swiper-slide-image\" src=\"https:\/\/www.rexago.com\/wp-content\/uploads\/2024\/10\/logo_kyocera_w.png\" alt=\"\" \/><\/figure><\/div>\t\t\t<\/div>\n\t\t\t\t\t\t\t\n\t\t\t\t\t\t\t\t\t<\/div>\n\t\t\t\t\t\t<\/div>\n\t\t\t\t<\/div>\n\t\t\t\t<\/div>\n\t\t\t\t\t<\/div>\n\t\t\t\t<\/div>\n\t\t\t\t<\/div>\n\t\t","protected":false},"excerpt":{"rendered":"<p>Kostenlos und ohne Risiko Vereinbare jetzt einen Termin mit einem unserer Experten Individuelle Beratung passend zu Deinem Anwendungsfall Beantwortung all Deiner Fragen Ausf\u00fchrliche Erkl\u00e4rung aller Funktionen und M\u00f6glichkeiten Champions setzen auf Rexago<\/p>\n","protected":false},"author":1,"featured_media":0,"parent":0,"menu_order":0,"comment_status":"closed","ping_status":"closed","template":"","meta":{"footnotes":""},"class_list":["post-3580","page","type-page","status-publish","hentry"],"yoast_head":"<!-- This site is optimized with the Yoast SEO Premium plugin v27.3 (Yoast SEO v27.3) - https:\/\/yoast.com\/product\/yoast-seo-premium-wordpress\/ -->\n<title>Expertengespr\u00e4ch - REXAGO Information GmbH<\/title>\n<meta name=\"robots\" content=\"index, follow, max-snippet:-1, max-image-preview:large, max-video-preview:-1\" \/>\n<link rel=\"canonical\" href=\"https:\/\/www.rexago.com\/de\/expertengespraech\/\" \/>\n<meta property=\"og:locale\" content=\"de_DE\" \/>\n<meta property=\"og:type\" content=\"article\" \/>\n<meta property=\"og:title\" content=\"REXAGO Information GmbH\" \/>\n<meta property=\"og:description\" content=\"Kostenlos und ohne Risiko Vereinbare jetzt einen Termin mit einem unserer Experten Individuelle Beratung passend zu Deinem Anwendungsfall Beantwortung all Deiner Fragen Ausf\u00fchrliche Erkl\u00e4rung aller Funktionen und M\u00f6glichkeiten Champions setzen auf Rexago\" \/>\n<meta property=\"og:url\" content=\"https:\/\/www.rexago.com\/de\/expertengespraech\/\" \/>\n<meta property=\"og:site_name\" content=\"REXAGO Information GmbH\" \/>\n<meta property=\"article:publisher\" content=\"https:\/\/de-de.facebook.com\/rexagoinformation\/\" \/>\n<meta property=\"article:modified_time\" content=\"2025-08-06T08:19:46+00:00\" \/>\n<meta property=\"og:image\" content=\"https:\/\/www.rexago.com\/wp-content\/uploads\/2024\/10\/logo_facebook_w.png\" \/>\n<meta name=\"twitter:card\" content=\"summary_large_image\" \/>\n<meta name=\"twitter:label1\" content=\"Gesch\u00e4tzte Lesezeit\" \/>\n\t<meta name=\"twitter:data1\" content=\"2\u00a0Minuten\" \/>\n<script type=\"application\/ld+json\" class=\"yoast-schema-graph\">{\"@context\":\"https:\\\/\\\/schema.org\",\"@graph\":[{\"@type\":\"WebPage\",\"@id\":\"https:\\\/\\\/www.rexago.com\\\/de\\\/expertengespraech\\\/\",\"url\":\"https:\\\/\\\/www.rexago.com\\\/de\\\/expertengespraech\\\/\",\"name\":\"Expertengespr\u00e4ch - REXAGO Information GmbH\",\"isPartOf\":{\"@id\":\"https:\\\/\\\/www.rexago.com\\\/de\\\/#website\"},\"primaryImageOfPage\":{\"@id\":\"https:\\\/\\\/www.rexago.com\\\/de\\\/expertengespraech\\\/#primaryimage\"},\"image\":{\"@id\":\"https:\\\/\\\/www.rexago.com\\\/de\\\/expertengespraech\\\/#primaryimage\"},\"thumbnailUrl\":\"https:\\\/\\\/www.rexago.com\\\/wp-content\\\/uploads\\\/2024\\\/10\\\/logo_facebook_w.png\",\"datePublished\":\"2024-10-01T15:05:22+00:00\",\"dateModified\":\"2025-08-06T08:19:46+00:00\",\"breadcrumb\":{\"@id\":\"https:\\\/\\\/www.rexago.com\\\/de\\\/expertengespraech\\\/#breadcrumb\"},\"inLanguage\":\"de\",\"potentialAction\":[{\"@type\":\"ReadAction\",\"target\":[\"https:\\\/\\\/www.rexago.com\\\/de\\\/expertengespraech\\\/\"]}]},{\"@type\":\"ImageObject\",\"inLanguage\":\"de\",\"@id\":\"https:\\\/\\\/www.rexago.com\\\/de\\\/expertengespraech\\\/#primaryimage\",\"url\":\"https:\\\/\\\/www.rexago.com\\\/wp-content\\\/uploads\\\/2024\\\/10\\\/logo_facebook_w.png\",\"contentUrl\":\"https:\\\/\\\/www.rexago.com\\\/wp-content\\\/uploads\\\/2024\\\/10\\\/logo_facebook_w.png\"},{\"@type\":\"BreadcrumbList\",\"@id\":\"https:\\\/\\\/www.rexago.com\\\/de\\\/expertengespraech\\\/#breadcrumb\",\"itemListElement\":[{\"@type\":\"ListItem\",\"position\":1,\"name\":\"Home\",\"item\":\"https:\\\/\\\/www.rexago.com\\\/de\\\/\"},{\"@type\":\"ListItem\",\"position\":2,\"name\":\"Expertengespr\u00e4ch\"}]},{\"@type\":\"WebSite\",\"@id\":\"https:\\\/\\\/www.rexago.com\\\/de\\\/#website\",\"url\":\"https:\\\/\\\/www.rexago.com\\\/de\\\/\",\"name\":\"REXAGO Information GmbH\",\"description\":\"\",\"publisher\":{\"@id\":\"https:\\\/\\\/www.rexago.com\\\/de\\\/#organization\"},\"alternateName\":\"REXAGO Information GmbH\",\"potentialAction\":[{\"@type\":\"SearchAction\",\"target\":{\"@type\":\"EntryPoint\",\"urlTemplate\":\"https:\\\/\\\/www.rexago.com\\\/de\\\/?s={search_term_string}\"},\"query-input\":{\"@type\":\"PropertyValueSpecification\",\"valueRequired\":true,\"valueName\":\"search_term_string\"}}],\"inLanguage\":\"de\"},{\"@type\":\"Organization\",\"@id\":\"https:\\\/\\\/www.rexago.com\\\/de\\\/#organization\",\"name\":\"REXAGO Information GmbH\",\"alternateName\":\"REXAGO\",\"url\":\"https:\\\/\\\/www.rexago.com\\\/de\\\/\",\"logo\":{\"@type\":\"ImageObject\",\"inLanguage\":\"de\",\"@id\":\"https:\\\/\\\/www.rexago.com\\\/de\\\/#\\\/schema\\\/logo\\\/image\\\/\",\"url\":\"https:\\\/\\\/www.rexago.com\\\/wp-content\\\/uploads\\\/2024\\\/06\\\/favicon.png\",\"contentUrl\":\"https:\\\/\\\/www.rexago.com\\\/wp-content\\\/uploads\\\/2024\\\/06\\\/favicon.png\",\"width\":146,\"height\":146,\"caption\":\"REXAGO Information GmbH\"},\"image\":{\"@id\":\"https:\\\/\\\/www.rexago.com\\\/de\\\/#\\\/schema\\\/logo\\\/image\\\/\"},\"sameAs\":[\"https:\\\/\\\/de-de.facebook.com\\\/rexagoinformation\\\/\",\"https:\\\/\\\/www.linkedin.com\\\/company\\\/rexago-information-gmbh\\\/\",\"https:\\\/\\\/www.xing.com\\\/pages\\\/rexagoinformationgmbh\",\"https:\\\/\\\/www.instagram.com\\\/rexago_information\\\/\"],\"description\":\"Rexago stellt Vertriebs- und Marketingteams die Werkzeuge und Daten zur Verf\u00fcgung, um Neukunden einfach zu finden und Kaufabschl\u00fcsse zu maximieren.\",\"email\":\"info@rexago.de\",\"telephone\":\"+49 791 949428-0\",\"legalName\":\"REXAGO Information GmbH\",\"foundingDate\":\"2008-04-11\",\"vatID\":\"DE814964379\",\"numberOfEmployees\":{\"@type\":\"QuantitativeValue\",\"minValue\":\"11\",\"maxValue\":\"50\"}}]}<\/script>\n<!-- \/ Yoast SEO Premium plugin. -->","yoast_head_json":{"title":"Expertengespr\u00e4ch - REXAGO Information GmbH","robots":{"index":"index","follow":"follow","max-snippet":"max-snippet:-1","max-image-preview":"max-image-preview:large","max-video-preview":"max-video-preview:-1"},"canonical":"https:\/\/www.rexago.com\/de\/expertengespraech\/","og_locale":"de_DE","og_type":"article","og_title":"REXAGO Information GmbH","og_description":"Kostenlos und ohne Risiko Vereinbare jetzt einen Termin mit einem unserer Experten Individuelle Beratung passend zu Deinem Anwendungsfall Beantwortung all Deiner Fragen Ausf\u00fchrliche Erkl\u00e4rung aller Funktionen und M\u00f6glichkeiten Champions setzen auf Rexago","og_url":"https:\/\/www.rexago.com\/de\/expertengespraech\/","og_site_name":"REXAGO Information GmbH","article_publisher":"https:\/\/de-de.facebook.com\/rexagoinformation\/","article_modified_time":"2025-08-06T08:19:46+00:00","og_image":[{"url":"https:\/\/www.rexago.com\/wp-content\/uploads\/2024\/10\/logo_facebook_w.png","type":"","width":"","height":""}],"twitter_card":"summary_large_image","twitter_misc":{"Gesch\u00e4tzte Lesezeit":"2\u00a0Minuten"},"schema":{"@context":"https:\/\/schema.org","@graph":[{"@type":"WebPage","@id":"https:\/\/www.rexago.com\/de\/expertengespraech\/","url":"https:\/\/www.rexago.com\/de\/expertengespraech\/","name":"Expertengespr\u00e4ch - REXAGO Information GmbH","isPartOf":{"@id":"https:\/\/www.rexago.com\/de\/#website"},"primaryImageOfPage":{"@id":"https:\/\/www.rexago.com\/de\/expertengespraech\/#primaryimage"},"image":{"@id":"https:\/\/www.rexago.com\/de\/expertengespraech\/#primaryimage"},"thumbnailUrl":"https:\/\/www.rexago.com\/wp-content\/uploads\/2024\/10\/logo_facebook_w.png","datePublished":"2024-10-01T15:05:22+00:00","dateModified":"2025-08-06T08:19:46+00:00","breadcrumb":{"@id":"https:\/\/www.rexago.com\/de\/expertengespraech\/#breadcrumb"},"inLanguage":"de","potentialAction":[{"@type":"ReadAction","target":["https:\/\/www.rexago.com\/de\/expertengespraech\/"]}]},{"@type":"ImageObject","inLanguage":"de","@id":"https:\/\/www.rexago.com\/de\/expertengespraech\/#primaryimage","url":"https:\/\/www.rexago.com\/wp-content\/uploads\/2024\/10\/logo_facebook_w.png","contentUrl":"https:\/\/www.rexago.com\/wp-content\/uploads\/2024\/10\/logo_facebook_w.png"},{"@type":"BreadcrumbList","@id":"https:\/\/www.rexago.com\/de\/expertengespraech\/#breadcrumb","itemListElement":[{"@type":"ListItem","position":1,"name":"Home","item":"https:\/\/www.rexago.com\/de\/"},{"@type":"ListItem","position":2,"name":"Expertengespr\u00e4ch"}]},{"@type":"WebSite","@id":"https:\/\/www.rexago.com\/de\/#website","url":"https:\/\/www.rexago.com\/de\/","name":"REXAGO Information GmbH","description":"","publisher":{"@id":"https:\/\/www.rexago.com\/de\/#organization"},"alternateName":"REXAGO Information GmbH","potentialAction":[{"@type":"SearchAction","target":{"@type":"EntryPoint","urlTemplate":"https:\/\/www.rexago.com\/de\/?s={search_term_string}"},"query-input":{"@type":"PropertyValueSpecification","valueRequired":true,"valueName":"search_term_string"}}],"inLanguage":"de"},{"@type":"Organization","@id":"https:\/\/www.rexago.com\/de\/#organization","name":"REXAGO Information GmbH","alternateName":"REXAGO","url":"https:\/\/www.rexago.com\/de\/","logo":{"@type":"ImageObject","inLanguage":"de","@id":"https:\/\/www.rexago.com\/de\/#\/schema\/logo\/image\/","url":"https:\/\/www.rexago.com\/wp-content\/uploads\/2024\/06\/favicon.png","contentUrl":"https:\/\/www.rexago.com\/wp-content\/uploads\/2024\/06\/favicon.png","width":146,"height":146,"caption":"REXAGO Information GmbH"},"image":{"@id":"https:\/\/www.rexago.com\/de\/#\/schema\/logo\/image\/"},"sameAs":["https:\/\/de-de.facebook.com\/rexagoinformation\/","https:\/\/www.linkedin.com\/company\/rexago-information-gmbh\/","https:\/\/www.xing.com\/pages\/rexagoinformationgmbh","https:\/\/www.instagram.com\/rexago_information\/"],"description":"Rexago stellt Vertriebs- und Marketingteams die Werkzeuge und Daten zur Verf\u00fcgung, um Neukunden einfach zu finden und Kaufabschl\u00fcsse zu maximieren.","email":"info@rexago.de","telephone":"+49 791 949428-0","legalName":"REXAGO Information GmbH","foundingDate":"2008-04-11","vatID":"DE814964379","numberOfEmployees":{"@type":"QuantitativeValue","minValue":"11","maxValue":"50"}}]}},"_links":{"self":[{"href":"https:\/\/www.rexago.com\/de\/wp-json\/wp\/v2\/pages\/3580","targetHints":{"allow":["GET"]}}],"collection":[{"href":"https:\/\/www.rexago.com\/de\/wp-json\/wp\/v2\/pages"}],"about":[{"href":"https:\/\/www.rexago.com\/de\/wp-json\/wp\/v2\/types\/page"}],"author":[{"embeddable":true,"href":"https:\/\/www.rexago.com\/de\/wp-json\/wp\/v2\/users\/1"}],"replies":[{"embeddable":true,"href":"https:\/\/www.rexago.com\/de\/wp-json\/wp\/v2\/comments?post=3580"}],"version-history":[{"count":6,"href":"https:\/\/www.rexago.com\/de\/wp-json\/wp\/v2\/pages\/3580\/revisions"}],"predecessor-version":[{"id":6160,"href":"https:\/\/www.rexago.com\/de\/wp-json\/wp\/v2\/pages\/3580\/revisions\/6160"}],"wp:attachment":[{"href":"https:\/\/www.rexago.com\/de\/wp-json\/wp\/v2\/media?parent=3580"}],"curies":[{"name":"wp","href":"https:\/\/api.w.org\/{rel}","templated":true}]}}