{"id":1141,"date":"2024-09-15T20:20:28","date_gmt":"2024-09-15T18:20:28","guid":{"rendered":"https:\/\/www.rexago.com\/?page_id=1141"},"modified":"2025-08-06T10:24:25","modified_gmt":"2025-08-06T08:24:25","slug":"agb","status":"publish","type":"page","link":"https:\/\/www.rexago.com\/de\/agb\/","title":{"rendered":"Allgemeine Gesch\u00e4ftsbedingungen"},"content":{"rendered":"\t\t<div data-elementor-type=\"wp-page\" data-elementor-id=\"1141\" class=\"elementor elementor-1141\" data-elementor-post-type=\"page\">\n\t\t\t\t<div class=\"elementor-element elementor-element-35caa16 e-flex e-con-boxed e-con e-parent\" data-id=\"35caa16\" data-element_type=\"container\" data-e-type=\"container\" data-settings=\"{&quot;background_background&quot;:&quot;gradient&quot;,&quot;shape_divider_bottom&quot;:&quot;mountains&quot;}\">\n\t\t\t\t\t<div class=\"e-con-inner\">\n\t\t\t\t<div class=\"elementor-shape elementor-shape-bottom\" aria-hidden=\"true\" data-negative=\"false\">\n\t\t\t<svg xmlns=\"http:\/\/www.w3.org\/2000\/svg\" viewBox=\"0 0 1000 100\" preserveAspectRatio=\"none\">\n\t<path class=\"elementor-shape-fill\" opacity=\"0.33\" d=\"M473,67.3c-203.9,88.3-263.1-34-320.3,0C66,119.1,0,59.7,0,59.7V0h1000v59.7 c0,0-62.1,26.1-94.9,29.3c-32.8,3.3-62.8-12.3-75.8-22.1C806,49.6,745.3,8.7,694.9,4.7S492.4,59,473,67.3z\"\/>\n\t<path class=\"elementor-shape-fill\" opacity=\"0.66\" d=\"M734,67.3c-45.5,0-77.2-23.2-129.1-39.1c-28.6-8.7-150.3-10.1-254,39.1 s-91.7-34.4-149.2,0C115.7,118.3,0,39.8,0,39.8V0h1000v36.5c0,0-28.2-18.5-92.1-18.5C810.2,18.1,775.7,67.3,734,67.3z\"\/>\n\t<path class=\"elementor-shape-fill\" d=\"M766.1,28.9c-200-57.5-266,65.5-395.1,19.5C242,1.8,242,5.4,184.8,20.6C128,35.8,132.3,44.9,89.9,52.5C28.6,63.7,0,0,0,0 h1000c0,0-9.9,40.9-83.6,48.1S829.6,47,766.1,28.9z\"\/>\n<\/svg>\t\t<\/div>\n\t\t\t\t<div class=\"elementor-element elementor-element-a52f5f8 elementor-widget elementor-widget-heading\" data-id=\"a52f5f8\" data-element_type=\"widget\" data-e-type=\"widget\" data-widget_type=\"heading.default\">\n\t\t\t\t<div class=\"elementor-widget-container\">\n\t\t\t\t\t<h2 class=\"elementor-heading-title elementor-size-default\">AGB<\/h2>\t\t\t\t<\/div>\n\t\t\t\t<\/div>\n\t\t\t\t<div class=\"elementor-element elementor-element-c0204c1 elementor-widget elementor-widget-heading\" data-id=\"c0204c1\" data-element_type=\"widget\" data-e-type=\"widget\" data-widget_type=\"heading.default\">\n\t\t\t\t<div class=\"elementor-widget-container\">\n\t\t\t\t\t<h1 class=\"elementor-heading-title elementor-size-default\">Allgemeine Gesch\u00e4ftsbedingungen<\/h1>\t\t\t\t<\/div>\n\t\t\t\t<\/div>\n\t\t\t\t\t<\/div>\n\t\t\t\t<\/div>\n\t\t<div class=\"elementor-element elementor-element-b16fc01 e-flex e-con-boxed e-con e-parent\" data-id=\"b16fc01\" data-element_type=\"container\" data-e-type=\"container\">\n\t\t\t\t\t<div class=\"e-con-inner\">\n\t\t<div class=\"elementor-element elementor-element-ff106a0 e-con-full e-flex e-con e-child\" data-id=\"ff106a0\" data-element_type=\"container\" data-e-type=\"container\">\n\t\t\t\t<div class=\"elementor-element elementor-element-e3c0b35 elementor-nav-menu--dropdown-none elementor-widget elementor-widget-nav-menu\" data-id=\"e3c0b35\" data-element_type=\"widget\" data-e-type=\"widget\" data-settings=\"{&quot;layout&quot;:&quot;vertical&quot;,&quot;submenu_icon&quot;:{&quot;value&quot;:&quot;&lt;svg aria-hidden=\\&quot;true\\&quot; class=\\&quot;e-font-icon-svg e-fas-caret-down\\&quot; viewBox=\\&quot;0 0 320 512\\&quot; xmlns=\\&quot;http:\\\/\\\/www.w3.org\\\/2000\\\/svg\\&quot;&gt;&lt;path d=\\&quot;M31.3 192h257.3c17.8 0 26.7 21.5 14.1 34.1L174.1 354.8c-7.8 7.8-20.5 7.8-28.3 0L17.2 226.1C4.6 213.5 13.5 192 31.3 192z\\&quot;&gt;&lt;\\\/path&gt;&lt;\\\/svg&gt;&quot;,&quot;library&quot;:&quot;fa-solid&quot;}}\" data-widget_type=\"nav-menu.default\">\n\t\t\t\t<div class=\"elementor-widget-container\">\n\t\t\t\t\t\t\t\t<nav aria-label=\"Men\u00fc\" class=\"elementor-nav-menu--main elementor-nav-menu__container elementor-nav-menu--layout-vertical e--pointer-background e--animation-fade\">\n\t\t\t\t<ul id=\"menu-1-e3c0b35\" class=\"elementor-nav-menu sm-vertical\"><li class=\"menu-item menu-item-type-post_type menu-item-object-page menu-item-1603\"><a href=\"https:\/\/www.rexago.com\/de\/agb\/webservice-leistungen\/\" class=\"elementor-item\">Webservice-Leistungen<\/a><\/li>\n<li class=\"menu-item menu-item-type-post_type menu-item-object-page menu-item-1572\"><a href=\"https:\/\/www.rexago.com\/de\/agb\/einzeladressen\/\" class=\"elementor-item\">Einzeladressen<\/a><\/li>\n<li class=\"menu-item menu-item-type-post_type menu-item-object-page menu-item-1602\"><a href=\"https:\/\/www.rexago.com\/de\/agb\/email-marketing\/\" class=\"elementor-item\">E-Mail Marketing<\/a><\/li>\n<li class=\"menu-item menu-item-type-post_type menu-item-object-page menu-item-1601\"><a href=\"https:\/\/www.rexago.com\/de\/agb\/medienleistungen\/\" class=\"elementor-item\">Medienleistungen<\/a><\/li>\n<li class=\"menu-item menu-item-type-post_type menu-item-object-page menu-item-1600\"><a href=\"https:\/\/www.rexago.com\/de\/agb\/hard-und-softwareleistungen\/\" class=\"elementor-item\">Hard- und Softwareleistungen<\/a><\/li>\n<\/ul>\t\t\t<\/nav>\n\t\t\t\t\t\t<nav class=\"elementor-nav-menu--dropdown elementor-nav-menu__container\" aria-hidden=\"true\">\n\t\t\t\t<ul id=\"menu-2-e3c0b35\" class=\"elementor-nav-menu sm-vertical\"><li class=\"menu-item menu-item-type-post_type menu-item-object-page menu-item-1603\"><a href=\"https:\/\/www.rexago.com\/de\/agb\/webservice-leistungen\/\" class=\"elementor-item\" tabindex=\"-1\">Webservice-Leistungen<\/a><\/li>\n<li class=\"menu-item menu-item-type-post_type menu-item-object-page menu-item-1572\"><a href=\"https:\/\/www.rexago.com\/de\/agb\/einzeladressen\/\" class=\"elementor-item\" tabindex=\"-1\">Einzeladressen<\/a><\/li>\n<li class=\"menu-item menu-item-type-post_type menu-item-object-page menu-item-1602\"><a href=\"https:\/\/www.rexago.com\/de\/agb\/email-marketing\/\" class=\"elementor-item\" tabindex=\"-1\">E-Mail Marketing<\/a><\/li>\n<li class=\"menu-item menu-item-type-post_type menu-item-object-page menu-item-1601\"><a href=\"https:\/\/www.rexago.com\/de\/agb\/medienleistungen\/\" class=\"elementor-item\" tabindex=\"-1\">Medienleistungen<\/a><\/li>\n<li class=\"menu-item menu-item-type-post_type menu-item-object-page menu-item-1600\"><a href=\"https:\/\/www.rexago.com\/de\/agb\/hard-und-softwareleistungen\/\" class=\"elementor-item\" tabindex=\"-1\">Hard- und Softwareleistungen<\/a><\/li>\n<\/ul>\t\t\t<\/nav>\n\t\t\t\t\t\t<\/div>\n\t\t\t\t<\/div>\n\t\t\t\t<\/div>\n\t\t<div class=\"elementor-element elementor-element-c70110b e-con-full e-flex e-con e-child\" data-id=\"c70110b\" data-element_type=\"container\" data-e-type=\"container\">\n\t\t\t\t<div class=\"elementor-element elementor-element-88630be elementor-widget elementor-widget-text-editor\" data-id=\"88630be\" data-element_type=\"widget\" data-e-type=\"widget\" data-widget_type=\"text-editor.default\">\n\t\t\t\t<div class=\"elementor-widget-container\">\n\t\t\t\t\t\t\t\t\t<p>W\u00e4hle Deine gew\u00fcnschte AGB aus dem Men\u00fc aus.<\/p>\t\t\t\t\t\t\t\t<\/div>\n\t\t\t\t<\/div>\n\t\t\t\t<\/div>\n\t\t\t\t\t<\/div>\n\t\t\t\t<\/div>\n\t\t<div class=\"elementor-element elementor-element-c473864 e-con-full e-flex e-con e-parent\" data-id=\"c473864\" data-element_type=\"container\" data-e-type=\"container\">\n\t\t\t\t<div class=\"elementor-element elementor-element-c9c9d68 elementor-widget elementor-widget-template\" data-id=\"c9c9d68\" data-element_type=\"widget\" data-e-type=\"widget\" data-widget_type=\"template.default\">\n\t\t\t\t<div class=\"elementor-widget-container\">\n\t\t\t\t\t\t\t<div class=\"elementor-template\">\n\t\t\t\t\t<div data-elementor-type=\"container\" data-elementor-id=\"1337\" class=\"elementor elementor-1337\" data-elementor-post-type=\"elementor_library\">\n\t\t\t\t<div class=\"elementor-element elementor-element-3bde37c e-flex e-con-boxed e-con e-parent\" data-id=\"3bde37c\" data-element_type=\"container\" data-e-type=\"container\" data-settings=\"{&quot;background_background&quot;:&quot;gradient&quot;,&quot;shape_divider_top&quot;:&quot;mountains&quot;}\">\n\t\t\t\t\t<div class=\"e-con-inner\">\n\t\t\t\t<div class=\"elementor-shape elementor-shape-top\" aria-hidden=\"true\" data-negative=\"false\">\n\t\t\t<svg xmlns=\"http:\/\/www.w3.org\/2000\/svg\" viewBox=\"0 0 1000 100\" preserveAspectRatio=\"none\">\n\t<path class=\"elementor-shape-fill\" opacity=\"0.33\" d=\"M473,67.3c-203.9,88.3-263.1-34-320.3,0C66,119.1,0,59.7,0,59.7V0h1000v59.7 c0,0-62.1,26.1-94.9,29.3c-32.8,3.3-62.8-12.3-75.8-22.1C806,49.6,745.3,8.7,694.9,4.7S492.4,59,473,67.3z\"\/>\n\t<path class=\"elementor-shape-fill\" opacity=\"0.66\" d=\"M734,67.3c-45.5,0-77.2-23.2-129.1-39.1c-28.6-8.7-150.3-10.1-254,39.1 s-91.7-34.4-149.2,0C115.7,118.3,0,39.8,0,39.8V0h1000v36.5c0,0-28.2-18.5-92.1-18.5C810.2,18.1,775.7,67.3,734,67.3z\"\/>\n\t<path class=\"elementor-shape-fill\" d=\"M766.1,28.9c-200-57.5-266,65.5-395.1,19.5C242,1.8,242,5.4,184.8,20.6C128,35.8,132.3,44.9,89.9,52.5C28.6,63.7,0,0,0,0 h1000c0,0-9.9,40.9-83.6,48.1S829.6,47,766.1,28.9z\"\/>\n<\/svg>\t\t<\/div>\n\t\t<div class=\"elementor-element elementor-element-abf8da3 e-con-full e-flex e-con e-child\" data-id=\"abf8da3\" data-element_type=\"container\" data-e-type=\"container\">\n\t\t\t\t<div class=\"elementor-element elementor-element-42f6f6f elementor-widget elementor-widget-heading\" data-id=\"42f6f6f\" data-element_type=\"widget\" data-e-type=\"widget\" data-widget_type=\"heading.default\">\n\t\t\t\t<div class=\"elementor-widget-container\">\n\t\t\t\t\t<h3 class=\"elementor-heading-title elementor-size-default\">Bessere Leads, mehr Umsatz<\/h3>\t\t\t\t<\/div>\n\t\t\t\t<\/div>\n\t\t\t\t<div class=\"elementor-element elementor-element-7783ea8 elementor-widget elementor-widget-heading\" data-id=\"7783ea8\" data-element_type=\"widget\" data-e-type=\"widget\" data-widget_type=\"heading.default\">\n\t\t\t\t<div class=\"elementor-widget-container\">\n\t\t\t\t\t<h2 class=\"elementor-heading-title elementor-size-default\">Deine Neukundengewinnung geht einfacher mit den Werkzeugen von Rexago. Ein Gespr\u00e4ch mit uns bringt Dich bestimmt weiter.<br><br>Jetzt kostenlose und individuelle Beratung mit einem unserer Experten buchen:<\/h2>\t\t\t\t<\/div>\n\t\t\t\t<\/div>\n\t\t\t\t<div class=\"elementor-element elementor-element-a50f3f8 elementor-mobile-align-center elementor-widget elementor-widget-button\" data-id=\"a50f3f8\" data-element_type=\"widget\" data-e-type=\"widget\" data-widget_type=\"button.default\">\n\t\t\t\t<div class=\"elementor-widget-container\">\n\t\t\t\t\t\t\t\t\t<div class=\"elementor-button-wrapper\">\n\t\t\t\t\t<a class=\"elementor-button elementor-button-link elementor-size-sm\" href=\"\/expertengespraech\/?bereich=Footer&#038;email=\">\n\t\t\t\t\t\t<span class=\"elementor-button-content-wrapper\">\n\t\t\t\t\t\t<span class=\"elementor-button-icon\">\n\t\t\t\t<svg aria-hidden=\"true\" class=\"e-font-icon-svg e-fas-arrow-right\" viewBox=\"0 0 448 512\" xmlns=\"http:\/\/www.w3.org\/2000\/svg\"><path d=\"M190.5 66.9l22.2-22.2c9.4-9.4 24.6-9.4 33.9 0L441 239c9.4 9.4 9.4 24.6 0 33.9L246.6 467.3c-9.4 9.4-24.6 9.4-33.9 0l-22.2-22.2c-9.5-9.5-9.3-25 .4-34.3L311.4 296H24c-13.3 0-24-10.7-24-24v-32c0-13.3 10.7-24 24-24h287.4L190.9 101.2c-9.8-9.3-10-24.8-.4-34.3z\"><\/path><\/svg>\t\t\t<\/span>\n\t\t\t\t\t\t\t\t\t<span class=\"elementor-button-text\">Expertentermin buchen<\/span>\n\t\t\t\t\t<\/span>\n\t\t\t\t\t<\/a>\n\t\t\t\t<\/div>\n\t\t\t\t\t\t\t\t<\/div>\n\t\t\t\t<\/div>\n\t\t\t\t<\/div>\n\t\t<div class=\"elementor-element elementor-element-702a56e e-con-full e-flex e-con e-child\" data-id=\"702a56e\" data-element_type=\"container\" data-e-type=\"container\">\n\t\t\t\t<div class=\"elementor-element elementor-element-0a33b5f elementor-widget-mobile__width-initial elementor-widget elementor-widget-image\" data-id=\"0a33b5f\" data-element_type=\"widget\" data-e-type=\"widget\" data-settings=\"{&quot;motion_fx_motion_fx_scrolling&quot;:&quot;yes&quot;,&quot;motion_fx_translateY_effect&quot;:&quot;yes&quot;,&quot;motion_fx_translateY_direction&quot;:&quot;negative&quot;,&quot;motion_fx_translateY_speed&quot;:{&quot;unit&quot;:&quot;px&quot;,&quot;size&quot;:&quot;1&quot;,&quot;sizes&quot;:[]},&quot;motion_fx_devices&quot;:[&quot;desktop&quot;,&quot;tablet&quot;],&quot;motion_fx_translateY_affectedRange&quot;:{&quot;unit&quot;:&quot;%&quot;,&quot;size&quot;:&quot;&quot;,&quot;sizes&quot;:{&quot;start&quot;:&quot;0&quot;,&quot;end&quot;:&quot;50&quot;}}}\" data-widget_type=\"image.default\">\n\t\t\t\t<div class=\"elementor-widget-container\">\n\t\t\t\t\t\t\t\t\t\t\t\t\t\t\t<img fetchpriority=\"high\" decoding=\"async\" width=\"700\" height=\"458\" src=\"https:\/\/www.rexago.com\/wp-content\/uploads\/2024\/09\/lupe_daten.jpg\" class=\"attachment-full size-full wp-image-2115\" alt=\"\" srcset=\"https:\/\/www.rexago.com\/wp-content\/uploads\/2024\/09\/lupe_daten.jpg 700w, https:\/\/www.rexago.com\/wp-content\/uploads\/2024\/09\/lupe_daten-300x196.jpg 300w\" sizes=\"(max-width: 700px) 100vw, 700px\" \/>\t\t\t\t\t\t\t\t\t\t\t\t\t\t\t<\/div>\n\t\t\t\t<\/div>\n\t\t\t\t<\/div>\n\t\t\t\t\t<\/div>\n\t\t\t\t<\/div>\n\t\t\t\t<\/div>\n\t\t\t\t<\/div>\n\t\t\t\t\t\t<\/div>\n\t\t\t\t<\/div>\n\t\t\t\t<\/div>\n\t\t\t\t<\/div>\n\t\t","protected":false},"excerpt":{"rendered":"<p>AGB Allgemeine Gesch\u00e4ftsbedingungen W\u00e4hle Deine gew\u00fcnschte AGB aus dem Men\u00fc aus.<\/p>\n","protected":false},"author":1,"featured_media":0,"parent":0,"menu_order":0,"comment_status":"closed","ping_status":"closed","template":"","meta":{"footnotes":""},"class_list":["post-1141","page","type-page","status-publish","hentry"],"yoast_head":"<!-- This site is optimized with the Yoast SEO Premium plugin v27.4 (Yoast SEO v27.4) - https:\/\/yoast.com\/product\/yoast-seo-premium-wordpress\/ -->\n<title>Allgemeine Gesch\u00e4ftsbedingungen - REXAGO Information GmbH<\/title>\n<meta name=\"description\" content=\"Eine \u00dcbersicht und Auswahl-M\u00f6glichkeit der Allgemeinen Gesch\u00e4ftsbedingungen f\u00fcr die einzelnen Gesch\u00e4ftsbereiche der REXAGO Information GmbH.\" \/>\n<meta name=\"robots\" content=\"index, follow, max-snippet:-1, max-image-preview:large, max-video-preview:-1\" \/>\n<link rel=\"canonical\" href=\"https:\/\/www.rexago.com\/de\/agb\/\" \/>\n<meta property=\"og:locale\" content=\"de_DE\" \/>\n<meta property=\"og:type\" content=\"article\" \/>\n<meta property=\"og:title\" content=\"REXAGO Information GmbH\" \/>\n<meta property=\"og:description\" content=\"Eine \u00dcbersicht und Auswahl-M\u00f6glichkeit der Allgemeinen Gesch\u00e4ftsbedingungen f\u00fcr die einzelnen Gesch\u00e4ftsbereiche der REXAGO Information GmbH.\" \/>\n<meta property=\"og:url\" content=\"https:\/\/www.rexago.com\/de\/agb\/\" \/>\n<meta property=\"og:site_name\" content=\"REXAGO Information GmbH\" \/>\n<meta property=\"article:publisher\" content=\"https:\/\/de-de.facebook.com\/rexagoinformation\/\" \/>\n<meta property=\"article:modified_time\" content=\"2025-08-06T08:24:25+00:00\" \/>\n<meta property=\"og:image\" content=\"https:\/\/www.rexago.com\/wp-content\/uploads\/2024\/10\/kugel-quad.jpg\" \/>\n\t<meta property=\"og:image:width\" content=\"500\" \/>\n\t<meta property=\"og:image:height\" content=\"499\" \/>\n\t<meta property=\"og:image:type\" content=\"image\/jpeg\" \/>\n<meta name=\"twitter:card\" content=\"summary_large_image\" \/>\n<meta name=\"twitter:label1\" content=\"Gesch\u00e4tzte Lesezeit\" \/>\n\t<meta name=\"twitter:data1\" content=\"1\u00a0Minute\" \/>\n<script type=\"application\/ld+json\" class=\"yoast-schema-graph\">{\"@context\":\"https:\\\/\\\/schema.org\",\"@graph\":[{\"@type\":\"WebPage\",\"@id\":\"https:\\\/\\\/www.rexago.com\\\/de\\\/agb\\\/\",\"url\":\"https:\\\/\\\/www.rexago.com\\\/de\\\/agb\\\/\",\"name\":\"Allgemeine Gesch\u00e4ftsbedingungen - REXAGO Information GmbH\",\"isPartOf\":{\"@id\":\"https:\\\/\\\/www.rexago.com\\\/de\\\/#website\"},\"datePublished\":\"2024-09-15T18:20:28+00:00\",\"dateModified\":\"2025-08-06T08:24:25+00:00\",\"description\":\"Eine \u00dcbersicht und Auswahl-M\u00f6glichkeit der Allgemeinen Gesch\u00e4ftsbedingungen f\u00fcr die einzelnen Gesch\u00e4ftsbereiche der REXAGO Information GmbH.\",\"breadcrumb\":{\"@id\":\"https:\\\/\\\/www.rexago.com\\\/de\\\/agb\\\/#breadcrumb\"},\"inLanguage\":\"de\",\"potentialAction\":[{\"@type\":\"ReadAction\",\"target\":[\"https:\\\/\\\/www.rexago.com\\\/de\\\/agb\\\/\"]}]},{\"@type\":\"BreadcrumbList\",\"@id\":\"https:\\\/\\\/www.rexago.com\\\/de\\\/agb\\\/#breadcrumb\",\"itemListElement\":[{\"@type\":\"ListItem\",\"position\":1,\"name\":\"Home\",\"item\":\"https:\\\/\\\/www.rexago.com\\\/de\\\/\"},{\"@type\":\"ListItem\",\"position\":2,\"name\":\"Allgemeine Gesch\u00e4ftsbedingungen\"}]},{\"@type\":\"WebSite\",\"@id\":\"https:\\\/\\\/www.rexago.com\\\/de\\\/#website\",\"url\":\"https:\\\/\\\/www.rexago.com\\\/de\\\/\",\"name\":\"REXAGO Information GmbH\",\"description\":\"\",\"publisher\":{\"@id\":\"https:\\\/\\\/www.rexago.com\\\/de\\\/#organization\"},\"alternateName\":\"REXAGO Information GmbH\",\"potentialAction\":[{\"@type\":\"SearchAction\",\"target\":{\"@type\":\"EntryPoint\",\"urlTemplate\":\"https:\\\/\\\/www.rexago.com\\\/de\\\/?s={search_term_string}\"},\"query-input\":{\"@type\":\"PropertyValueSpecification\",\"valueRequired\":true,\"valueName\":\"search_term_string\"}}],\"inLanguage\":\"de\"},{\"@type\":\"Organization\",\"@id\":\"https:\\\/\\\/www.rexago.com\\\/de\\\/#organization\",\"name\":\"REXAGO Information GmbH\",\"alternateName\":\"REXAGO\",\"url\":\"https:\\\/\\\/www.rexago.com\\\/de\\\/\",\"logo\":{\"@type\":\"ImageObject\",\"inLanguage\":\"de\",\"@id\":\"https:\\\/\\\/www.rexago.com\\\/de\\\/#\\\/schema\\\/logo\\\/image\\\/\",\"url\":\"https:\\\/\\\/www.rexago.com\\\/wp-content\\\/uploads\\\/2024\\\/06\\\/favicon.png\",\"contentUrl\":\"https:\\\/\\\/www.rexago.com\\\/wp-content\\\/uploads\\\/2024\\\/06\\\/favicon.png\",\"width\":146,\"height\":146,\"caption\":\"REXAGO Information GmbH\"},\"image\":{\"@id\":\"https:\\\/\\\/www.rexago.com\\\/de\\\/#\\\/schema\\\/logo\\\/image\\\/\"},\"sameAs\":[\"https:\\\/\\\/de-de.facebook.com\\\/rexagoinformation\\\/\",\"https:\\\/\\\/www.linkedin.com\\\/company\\\/rexago-information-gmbh\\\/\",\"https:\\\/\\\/www.xing.com\\\/pages\\\/rexagoinformationgmbh\",\"https:\\\/\\\/www.instagram.com\\\/rexago_information\\\/\"],\"description\":\"Rexago stellt Vertriebs- und Marketingteams die Werkzeuge und Daten zur Verf\u00fcgung, um Neukunden einfach zu finden und Kaufabschl\u00fcsse zu maximieren.\",\"email\":\"info@rexago.de\",\"telephone\":\"+49 791 949428-0\",\"legalName\":\"REXAGO Information GmbH\",\"foundingDate\":\"2008-04-11\",\"vatID\":\"DE814964379\",\"numberOfEmployees\":{\"@type\":\"QuantitativeValue\",\"minValue\":\"11\",\"maxValue\":\"50\"}}]}<\/script>\n<!-- \/ Yoast SEO Premium plugin. -->","yoast_head_json":{"title":"Allgemeine Gesch\u00e4ftsbedingungen - REXAGO Information GmbH","description":"Eine \u00dcbersicht und Auswahl-M\u00f6glichkeit der Allgemeinen Gesch\u00e4ftsbedingungen f\u00fcr die einzelnen Gesch\u00e4ftsbereiche der REXAGO Information GmbH.","robots":{"index":"index","follow":"follow","max-snippet":"max-snippet:-1","max-image-preview":"max-image-preview:large","max-video-preview":"max-video-preview:-1"},"canonical":"https:\/\/www.rexago.com\/de\/agb\/","og_locale":"de_DE","og_type":"article","og_title":"REXAGO Information GmbH","og_description":"Eine \u00dcbersicht und Auswahl-M\u00f6glichkeit der Allgemeinen Gesch\u00e4ftsbedingungen f\u00fcr die einzelnen Gesch\u00e4ftsbereiche der REXAGO Information GmbH.","og_url":"https:\/\/www.rexago.com\/de\/agb\/","og_site_name":"REXAGO Information GmbH","article_publisher":"https:\/\/de-de.facebook.com\/rexagoinformation\/","article_modified_time":"2025-08-06T08:24:25+00:00","og_image":[{"width":500,"height":499,"url":"https:\/\/www.rexago.com\/wp-content\/uploads\/2024\/10\/kugel-quad.jpg","type":"image\/jpeg"}],"twitter_card":"summary_large_image","twitter_misc":{"Gesch\u00e4tzte Lesezeit":"1\u00a0Minute"},"schema":{"@context":"https:\/\/schema.org","@graph":[{"@type":"WebPage","@id":"https:\/\/www.rexago.com\/de\/agb\/","url":"https:\/\/www.rexago.com\/de\/agb\/","name":"Allgemeine Gesch\u00e4ftsbedingungen - REXAGO Information GmbH","isPartOf":{"@id":"https:\/\/www.rexago.com\/de\/#website"},"datePublished":"2024-09-15T18:20:28+00:00","dateModified":"2025-08-06T08:24:25+00:00","description":"Eine \u00dcbersicht und Auswahl-M\u00f6glichkeit der Allgemeinen Gesch\u00e4ftsbedingungen f\u00fcr die einzelnen Gesch\u00e4ftsbereiche der REXAGO Information GmbH.","breadcrumb":{"@id":"https:\/\/www.rexago.com\/de\/agb\/#breadcrumb"},"inLanguage":"de","potentialAction":[{"@type":"ReadAction","target":["https:\/\/www.rexago.com\/de\/agb\/"]}]},{"@type":"BreadcrumbList","@id":"https:\/\/www.rexago.com\/de\/agb\/#breadcrumb","itemListElement":[{"@type":"ListItem","position":1,"name":"Home","item":"https:\/\/www.rexago.com\/de\/"},{"@type":"ListItem","position":2,"name":"Allgemeine Gesch\u00e4ftsbedingungen"}]},{"@type":"WebSite","@id":"https:\/\/www.rexago.com\/de\/#website","url":"https:\/\/www.rexago.com\/de\/","name":"REXAGO Information GmbH","description":"","publisher":{"@id":"https:\/\/www.rexago.com\/de\/#organization"},"alternateName":"REXAGO Information GmbH","potentialAction":[{"@type":"SearchAction","target":{"@type":"EntryPoint","urlTemplate":"https:\/\/www.rexago.com\/de\/?s={search_term_string}"},"query-input":{"@type":"PropertyValueSpecification","valueRequired":true,"valueName":"search_term_string"}}],"inLanguage":"de"},{"@type":"Organization","@id":"https:\/\/www.rexago.com\/de\/#organization","name":"REXAGO Information GmbH","alternateName":"REXAGO","url":"https:\/\/www.rexago.com\/de\/","logo":{"@type":"ImageObject","inLanguage":"de","@id":"https:\/\/www.rexago.com\/de\/#\/schema\/logo\/image\/","url":"https:\/\/www.rexago.com\/wp-content\/uploads\/2024\/06\/favicon.png","contentUrl":"https:\/\/www.rexago.com\/wp-content\/uploads\/2024\/06\/favicon.png","width":146,"height":146,"caption":"REXAGO Information GmbH"},"image":{"@id":"https:\/\/www.rexago.com\/de\/#\/schema\/logo\/image\/"},"sameAs":["https:\/\/de-de.facebook.com\/rexagoinformation\/","https:\/\/www.linkedin.com\/company\/rexago-information-gmbh\/","https:\/\/www.xing.com\/pages\/rexagoinformationgmbh","https:\/\/www.instagram.com\/rexago_information\/"],"description":"Rexago stellt Vertriebs- und Marketingteams die Werkzeuge und Daten zur Verf\u00fcgung, um Neukunden einfach zu finden und Kaufabschl\u00fcsse zu maximieren.","email":"info@rexago.de","telephone":"+49 791 949428-0","legalName":"REXAGO Information GmbH","foundingDate":"2008-04-11","vatID":"DE814964379","numberOfEmployees":{"@type":"QuantitativeValue","minValue":"11","maxValue":"50"}}]}},"_links":{"self":[{"href":"https:\/\/www.rexago.com\/de\/wp-json\/wp\/v2\/pages\/1141","targetHints":{"allow":["GET"]}}],"collection":[{"href":"https:\/\/www.rexago.com\/de\/wp-json\/wp\/v2\/pages"}],"about":[{"href":"https:\/\/www.rexago.com\/de\/wp-json\/wp\/v2\/types\/page"}],"author":[{"embeddable":true,"href":"https:\/\/www.rexago.com\/de\/wp-json\/wp\/v2\/users\/1"}],"replies":[{"embeddable":true,"href":"https:\/\/www.rexago.com\/de\/wp-json\/wp\/v2\/comments?post=1141"}],"version-history":[{"count":3,"href":"https:\/\/www.rexago.com\/de\/wp-json\/wp\/v2\/pages\/1141\/revisions"}],"predecessor-version":[{"id":6184,"href":"https:\/\/www.rexago.com\/de\/wp-json\/wp\/v2\/pages\/1141\/revisions\/6184"}],"wp:attachment":[{"href":"https:\/\/www.rexago.com\/de\/wp-json\/wp\/v2\/media?parent=1141"}],"curies":[{"name":"wp","href":"https:\/\/api.w.org\/{rel}","templated":true}]}}